{"id":714,"date":"2025-05-21T17:22:04","date_gmt":"2025-05-21T15:22:04","guid":{"rendered":"https:\/\/www.lesgitesdesophie85.com\/?page_id=714"},"modified":"2026-03-31T16:56:00","modified_gmt":"2026-03-31T14:56:00","slug":"site-map","status":"publish","type":"page","link":"https:\/\/www.lesgitesdesophie85.com\/en\/plan-du-site\/","title":{"rendered":"Site map"},"content":{"rendered":"<div class=\"wp-block-wpseopress-sitemap\"><div class=\"wrap-html-sitemap sp-html-sitemap\"><div class=\"sp-wrap-cpt\"><h2 class=\"sp-cpt-name\">Pages<\/h2><ul class=\"sp-list-posts sp-cpt-hierarchical\"><li class=\"page_item page-item-2957\"><a href=\"https:\/\/www.lesgitesdesophie85.com\/en\/video\/\">Video<\/a><\/li><li class=\"page_item page-item-2913\"><a href=\"https:\/\/www.lesgitesdesophie85.com\/en\/avis-clients\/\">Customer testimonials for our Vend\u00e9e cottages<\/a><\/li><li class=\"page_item page-item-2839\"><a href=\"https:\/\/www.lesgitesdesophie85.com\/en\/editorial\/\">The G\u00eetes Blog: Tips and gems of the Marais Breton<\/a><\/li><li class=\"page_item page-item-2832\"><a href=\"https:\/\/www.lesgitesdesophie85.com\/en\/politique-de-cookies-ue\/\">Cookie policy (EU)<\/a><\/li><li class=\"page_item page-item-2833\"><a href=\"https:\/\/www.lesgitesdesophie85.com\/en\/declaration-de-confidentialite-ue\/\">Privacy statement (EU)<\/a><\/li><li class=\"page_item page-item-914\"><a href=\"https:\/\/www.lesgitesdesophie85.com\/en\/mentions-legales\/\">Legal information<\/a><\/li><li class=\"page_item page-item-799\"><a href=\"https:\/\/www.lesgitesdesophie85.com\/en\/faq\/\">FAQ<\/a><\/li><li class=\"page_item page-item-787\"><a href=\"https:\/\/www.lesgitesdesophie85.com\/en\/acces-contact\/\">Access\/contact<\/a><\/li><li class=\"page_item page-item-785\"><a href=\"https:\/\/www.lesgitesdesophie85.com\/en\/parcs-de-loisirs\/\">Theme parks near our holiday cottages in Vend\u00e9e<\/a><\/li><li class=\"page_item page-item-783\"><a href=\"https:\/\/www.lesgitesdesophie85.com\/en\/a-proximite-gite\/\">Outdoor activities near the Vend\u00e9e g\u00eetes<\/a><\/li><li class=\"page_item page-item-779\"><a href=\"https:\/\/www.lesgitesdesophie85.com\/en\/gite-coquelicot-2-personnes\/\">G\u00eete Coquelicot \u2013 2-person cottage in Vend\u00e9e for a romantic getaway<\/a><\/li><li class=\"page_item page-item-777\"><a href=\"https:\/\/www.lesgitesdesophie85.com\/en\/gite-agapanthe-8-personnes\/\">G\u00eete Agapanthe \u2013 8 people in the heart of the Marais Breton Vend\u00e9en<\/a><\/li><li class=\"page_item page-item-775\"><a href=\"https:\/\/www.lesgitesdesophie85.com\/en\/gite-hortensia-8-personnes\/\">G\u00eete Hortensia \u2013 Sleeps 8 in Vend\u00e9e with garden and wellness facilities<\/a><\/li><li class=\"page_item page-item-764\"><a href=\"https:\/\/www.lesgitesdesophie85.com\/en\/gite-capucine-5-personnes\/\">G\u00eete Capucine - 5-person g\u00eete in the Vend\u00e9e countryside<\/a><\/li><li class=\"page_item page-item-751\"><a href=\"https:\/\/www.lesgitesdesophie85.com\/en\/gite-de-groupe-en-vendee\/\">Group welcomes in the Marais Breton Vend\u00e9en<\/a><\/li><li class=\"page_item page-item-745\"><a href=\"https:\/\/www.lesgitesdesophie85.com\/en\/les-massages-de-sophie\/\">Personalised massages and well-being stays in Vend\u00e9e<\/a><\/li><li class=\"page_item page-item-725\"><a href=\"https:\/\/www.lesgitesdesophie85.com\/en\/les-photos\/\">The photos<\/a><\/li><li class=\"page_item page-item-723\"><a href=\"https:\/\/www.lesgitesdesophie85.com\/en\/les-services\/\">Services and thoughtful touches for a serene stay in Vend\u00e9e<\/a><\/li><li class=\"page_item page-item-718\"><a href=\"https:\/\/www.lesgitesdesophie85.com\/en\/les-bonnes-raisons-de-venir\/\">Why choose Vend\u00e9e and Marais Breton for your holiday?<\/a><\/li><li class=\"page_item page-item-714\"><a href=\"https:\/\/www.lesgitesdesophie85.com\/en\/plan-du-site\/\">Site map<\/a><\/li><li class=\"page_item page-item-682\"><a href=\"https:\/\/www.lesgitesdesophie85.com\/en\/notre-histoire\/\">The spirit of Sophie's Cottages: between authenticity and well-being in Vend\u00e9e<\/a><\/li><li class=\"page_item page-item-561\"><a href=\"https:\/\/www.lesgitesdesophie85.com\/en\/aux-alentours\/\">What to do in Vend\u00e9e? Between the Breton Marsh and Noirmoutier<\/a><\/li><\/ul><\/div><div class=\"sp-wrap-cpt\"><h2 class=\"sp-cpt-name\">Editorials<\/h2><ul class=\"sp-list-posts\"><li><a href=\"https:\/\/www.lesgitesdesophie85.com\/en\/editorial\/gite-famille-vacances-de-la-toussaint-en-vendee\/\">Family g\u00eete for the All Saints' Day holidays in Vend\u00e9e<\/a><\/li><li><a href=\"https:\/\/www.lesgitesdesophie85.com\/en\/editorial\/gite-proche-plage-noirmoutier\/\">G\u00eete near beach Noirmoutier<\/a><\/li><li><a href=\"https:\/\/www.lesgitesdesophie85.com\/en\/editorial\/gite-avec-massage-en-vendee\/\">G\u00eete with massage in the Vend\u00e9e<\/a><\/li><li><a href=\"https:\/\/www.lesgitesdesophie85.com\/en\/editorial\/location-gite-vacances-de-paques-en-vendee\/\">G\u00eete rental Easter holidays in Vend\u00e9e<\/a><\/li><li><a href=\"https:\/\/www.lesgitesdesophie85.com\/en\/editorial\/gite-vacances-dhiver-en-famille-en-vendee\/\">G\u00eete for winter family holidays in Vend\u00e9e<\/a><\/li><li><a href=\"https:\/\/www.lesgitesdesophie85.com\/en\/editorial\/gite-parc-ostreicole-ostreiculture\/\">Oyster farm or oyster farm g\u00eete<\/a><\/li><li><a href=\"https:\/\/www.lesgitesdesophie85.com\/en\/editorial\/gite-calme-nature-vendee\/\">Quiet nature g\u00eete Vend\u00e9e<\/a><\/li><li><a href=\"https:\/\/www.lesgitesdesophie85.com\/en\/editorial\/gite-char-a-voile-vendee\/\">Charente \u00e0 voile g\u00eete in the Vend\u00e9e<\/a><\/li><li><a href=\"https:\/\/www.lesgitesdesophie85.com\/en\/editorial\/gite-kitesurf-en-vendee\/\">Kitesurfing g\u00eete in the Vend\u00e9e<\/a><\/li><li><a href=\"https:\/\/www.lesgitesdesophie85.com\/en\/editorial\/gite-peche-a-pied-vendee\/\">Fishing g\u00eete in the Vend\u00e9e<\/a><\/li><li><a href=\"https:\/\/www.lesgitesdesophie85.com\/en\/editorial\/gite-proche-du-passage-du-gois\/\">G\u00eete close to the Passage du Gois<\/a><\/li><li><a href=\"https:\/\/www.lesgitesdesophie85.com\/en\/editorial\/gite-proche-de-saint-de-monts\/\">G\u00eete near Saint Jean De Monts<\/a><\/li><li><a href=\"https:\/\/www.lesgitesdesophie85.com\/en\/editorial\/gite-ouvert-toute-lannee-vendee\/\">G\u00eete open all year round in Vend\u00e9e<\/a><\/li><li><a href=\"https:\/\/www.lesgitesdesophie85.com\/en\/editorial\/gite-familial-proche-noirmoutier\/\">Family g\u00eete near Noirmoutier<\/a><\/li><li><a href=\"https:\/\/www.lesgitesdesophie85.com\/en\/editorial\/gite-de-groupe-en-vendee\/\">Group g\u00eete in Vend\u00e9e<\/a><\/li><li><a href=\"https:\/\/www.lesgitesdesophie85.com\/en\/editorial\/gite-noirmoutier\/\">G\u00eete near Noirmoutier<\/a><\/li><\/ul><\/div><\/div><\/div>","protected":false},"excerpt":{"rendered":"","protected":false},"author":1,"featured_media":2876,"parent":0,"menu_order":0,"comment_status":"closed","ping_status":"closed","template":"","meta":{"_acf_changed":false,"_seopress_robots_primary_cat":"","_seopress_titles_title":"Plan du site | Les G\u00eetes de Sophie 85","_seopress_titles_desc":"Acc\u00e9dez rapidement \u00e0 toutes les pages de notre site : descriptifs des g\u00eetes, services bien-\u00eatre, tarifs et guide touristique de la Vend\u00e9e.","_seopress_robots_index":"","_vp_format_video_url":"","_vp_image_focal_point":[],"footnotes":""},"class_list":["post-714","page","type-page","status-publish","has-post-thumbnail","hentry"],"acf":[],"_links":{"self":[{"href":"https:\/\/www.lesgitesdesophie85.com\/en\/wp-json\/wp\/v2\/pages\/714","targetHints":{"allow":["GET"]}}],"collection":[{"href":"https:\/\/www.lesgitesdesophie85.com\/en\/wp-json\/wp\/v2\/pages"}],"about":[{"href":"https:\/\/www.lesgitesdesophie85.com\/en\/wp-json\/wp\/v2\/types\/page"}],"author":[{"embeddable":true,"href":"https:\/\/www.lesgitesdesophie85.com\/en\/wp-json\/wp\/v2\/users\/1"}],"replies":[{"embeddable":true,"href":"https:\/\/www.lesgitesdesophie85.com\/en\/wp-json\/wp\/v2\/comments?post=714"}],"version-history":[{"count":4,"href":"https:\/\/www.lesgitesdesophie85.com\/en\/wp-json\/wp\/v2\/pages\/714\/revisions"}],"predecessor-version":[{"id":3061,"href":"https:\/\/www.lesgitesdesophie85.com\/en\/wp-json\/wp\/v2\/pages\/714\/revisions\/3061"}],"wp:featuredmedia":[{"embeddable":true,"href":"https:\/\/www.lesgitesdesophie85.com\/en\/wp-json\/wp\/v2\/media\/2876"}],"wp:attachment":[{"href":"https:\/\/www.lesgitesdesophie85.com\/en\/wp-json\/wp\/v2\/media?parent=714"}],"curies":[{"name":"wp","href":"https:\/\/api.w.org\/{rel}","templated":true}]}}