{"id":718,"date":"2025-05-23T15:25:06","date_gmt":"2025-05-23T13:25:06","guid":{"rendered":"https:\/\/www.lesgitesdesophie85.com\/?page_id=718"},"modified":"2026-03-31T16:53:31","modified_gmt":"2026-03-31T14:53:31","slug":"good-reasons-to-come","status":"publish","type":"page","link":"https:\/\/www.lesgitesdesophie85.com\/en\/les-bonnes-raisons-de-venir\/","title":{"rendered":"Why choose Vend\u00e9e and Marais Breton for your holiday?"},"content":{"rendered":"<div class=\"wp-block-stackable-columns alignfull stk-block-columns stk-block stk-e7fe465\" data-block-id=\"e7fe465\"><style>.stk-e7fe465 .stk--block-align-e7fe465{align-items:center !important;}.stk-e7fe465-column{--stk-column-gap:15px !important;}<\/style><div class=\"stk-row stk-inner-blocks stk--block-align-e7fe465 stk-block-content stk-content-align stk-e7fe465-column alignwide\">\n<div class=\"wp-block-stackable-column stk-block-column stk-column stk-block stk-54f9057\" data-v=\"4\" data-block-id=\"54f9057\"><div class=\"stk-column-wrapper stk-block-column__content stk-container stk-54f9057-container stk--no-background stk--no-padding\"><div class=\"stk-block-content stk-inner-blocks stk-54f9057-inner-blocks\">\n<div class=\"wp-block-stackable-image stk-block-image stk-block stk-e437fbb\" data-block-id=\"e437fbb\"><style>.stk-e437fbb .stk-img-wrapper{height:500px !important;}@media screen and (max-width: 767px){.stk-e437fbb .stk-img-wrapper{height:300px !important;}}<\/style><figure><span class=\"stk-img-wrapper stk-image--shape-stretch\"><img loading=\"lazy\" decoding=\"async\" class=\"stk-img wp-image-720\" src=\"https:\/\/www.lesgitesdesophie85.com\/wp-content\/uploads\/2025\/05\/087hd_lesGitesdeSophie-Personnalise.jpg\" width=\"667\" height=\"1000\" alt=\"Les g\u00eetes de sophie\" srcset=\"https:\/\/www.lesgitesdesophie85.com\/wp-content\/uploads\/2025\/05\/087hd_lesGitesdeSophie-Personnalise.jpg 667w, https:\/\/www.lesgitesdesophie85.com\/wp-content\/uploads\/2025\/05\/087hd_lesGitesdeSophie-Personnalise-200x300.jpg 200w, https:\/\/www.lesgitesdesophie85.com\/wp-content\/uploads\/2025\/05\/087hd_lesGitesdeSophie-Personnalise-500x750.jpg 500w\" sizes=\"auto, (max-width: 667px) 100vw, 667px\" \/><\/span><\/figure><\/div>\n<\/div><\/div><\/div>\n\n\n\n<div class=\"wp-block-stackable-column stk-block-column stk-column stk-block stk-30cdd8c\" data-v=\"4\" data-block-id=\"30cdd8c\"><style>@media screen and (max-width: 767px){.stk-30cdd8c {padding-right:15px !important;padding-left:15px !important;}}<\/style><div class=\"stk-column-wrapper stk-block-column__content stk-container stk-30cdd8c-container stk--no-background stk--no-padding\"><div class=\"stk-block-content stk-inner-blocks stk-30cdd8c-inner-blocks\">\n<div class=\"wp-block-stackable-heading stk-block-heading stk-block-heading--v2 stk-block stk-47d4ad7\" id=\"decouvrez-les-gites-de-sophie\" data-block-id=\"47d4ad7\"><style>.stk-47d4ad7 .stk-block-heading__text{color:#5e6646 !important;}<\/style><h2 class=\"stk-block-heading__text has-text-color\">Discover Sophie's g\u00eetes!<\/h2><\/div>\n\n\n\n<p data-block-type=\"core\">There's every reason to stay at Sophie's g\u00eetes in Saint Gervais in the Vend\u00e9e.<\/p>\n\n\n\n<ul class=\"wp-block-list\" data-block-type=\"core\">\n<li data-block-type=\"core\">A warm welcome: Sophie is very welcoming, smiling, energetic, available and attentive to her guests' needs. When you arrive, you're sure to find a little something to make you happy.<\/li>\n\n\n\n<li data-block-type=\"core\">A peaceful, natural setting: the g\u00eetes are in the countryside, in a calm, leafy setting. Take advantage of this bucolic setting to relax.<\/li>\n\n\n\n<li data-block-type=\"core\">Quality g\u00eetes: from the space to the quality of the bedding and equipment, everything has been thought of with you in mind. <\/li>\n\n\n\n<li data-block-type=\"core\">Ideally located between sea and nature: around 15 km from the sandy beaches of Notre Dame de Monts and La Barre de Monts, ideal for swimming and water sports.<\/li>\n<\/ul>\n<\/div><\/div><\/div>\n<\/div><\/div>","protected":false},"excerpt":{"rendered":"<p>Discover Sophie's g\u00eetes! There's every reason to stay at Sophie's g\u00eetes in Saint Gervais in the Vend\u00e9e.<\/p>","protected":false},"author":1,"featured_media":765,"parent":0,"menu_order":0,"comment_status":"closed","ping_status":"closed","template":"","meta":{"_acf_changed":false,"_seopress_robots_primary_cat":"","_seopress_titles_title":"S\u00e9jour en Vend\u00e9e : 5 bonnes raisons de venir nous voir","_seopress_titles_desc":"Entre nature sauvage du Marais Breton, proximit\u00e9 de Noirmoutier et massages bien-\u00eatre, d\u00e9couvrez pourquoi nos g\u00eetes sont le lieu id\u00e9al pour d\u00e9connecter.","_seopress_robots_index":"","_vp_format_video_url":"","_vp_image_focal_point":[],"footnotes":""},"class_list":["post-718","page","type-page","status-publish","has-post-thumbnail","hentry"],"acf":[],"_links":{"self":[{"href":"https:\/\/www.lesgitesdesophie85.com\/en\/wp-json\/wp\/v2\/pages\/718","targetHints":{"allow":["GET"]}}],"collection":[{"href":"https:\/\/www.lesgitesdesophie85.com\/en\/wp-json\/wp\/v2\/pages"}],"about":[{"href":"https:\/\/www.lesgitesdesophie85.com\/en\/wp-json\/wp\/v2\/types\/page"}],"author":[{"embeddable":true,"href":"https:\/\/www.lesgitesdesophie85.com\/en\/wp-json\/wp\/v2\/users\/1"}],"replies":[{"embeddable":true,"href":"https:\/\/www.lesgitesdesophie85.com\/en\/wp-json\/wp\/v2\/comments?post=718"}],"version-history":[{"count":6,"href":"https:\/\/www.lesgitesdesophie85.com\/en\/wp-json\/wp\/v2\/pages\/718\/revisions"}],"predecessor-version":[{"id":3056,"href":"https:\/\/www.lesgitesdesophie85.com\/en\/wp-json\/wp\/v2\/pages\/718\/revisions\/3056"}],"wp:featuredmedia":[{"embeddable":true,"href":"https:\/\/www.lesgitesdesophie85.com\/en\/wp-json\/wp\/v2\/media\/765"}],"wp:attachment":[{"href":"https:\/\/www.lesgitesdesophie85.com\/en\/wp-json\/wp\/v2\/media?parent=718"}],"curies":[{"name":"wp","href":"https:\/\/api.w.org\/{rel}","templated":true}]}}