{"id":787,"date":"2025-06-05T13:54:42","date_gmt":"2025-06-05T11:54:42","guid":{"rendered":"https:\/\/www.lesgitesdesophie85.com\/?page_id=787"},"modified":"2025-06-11T11:18:32","modified_gmt":"2025-06-11T09:18:32","slug":"access-contact","status":"publish","type":"page","link":"https:\/\/www.lesgitesdesophie85.com\/en\/acces-contact\/","title":{"rendered":"Access\/contact"},"content":{"rendered":"<div class=\"wp-block-stackable-columns alignwide stk-block-columns stk-block stk-cf648fd stk-block-background\" data-block-id=\"cf648fd\"><style>.stk-cf648fd .stk--block-align-cf648fd{align-items:center !important;}.stk-cf648fd {background-color:#bccc8b30 !important;margin-bottom:59px !important;}.stk-cf648fd:before{background-color:#bccc8b30 !important;}<\/style><div class=\"stk-row stk-inner-blocks stk--block-align-cf648fd stk-block-content stk-content-align stk-cf648fd-column alignwide\">\n<div class=\"wp-block-stackable-column stk-block-column stk-column stk-block stk-ff454d3\" data-v=\"4\" data-block-id=\"ff454d3\"><div class=\"stk-column-wrapper stk-block-column__content stk-container stk-ff454d3-container stk--no-background stk--no-padding\"><div class=\"stk-block-content stk-inner-blocks stk-ff454d3-inner-blocks\">\n<div class=\"wp-block-stackable-image stk-block-image stk-block stk-eb2bde5\" data-block-id=\"eb2bde5\"><style>.stk-eb2bde5 .stk-img-wrapper{width:285px !important;}<\/style><figure><span class=\"stk-img-wrapper stk-image--shape-stretch\"><img loading=\"lazy\" decoding=\"async\" class=\"stk-img wp-image-568\" src=\"https:\/\/www.lesgitesdesophie85.com\/wp-content\/uploads\/2025\/05\/logo.png\" width=\"285\" height=\"58\" alt=\"Les g\u00eetes de sophie\"\/><\/span><\/figure><\/div>\n\n\n\n<div class=\"wp-block-stackable-text stk-block-text stk-block stk-951330d\" data-block-id=\"951330d\"><style>.stk-951330d {margin-bottom:50px !important;}<\/style><p class=\"stk-block-text__text has-text-align-center\">765, route de Chateauneuf<br>85230 Saint-Gervais - Vend\u00e9e<\/p><\/div>\n\n\n\n<div class=\"wp-block-stackable-button-group stk-block-button-group stk-block stk-fd709f6\" data-block-id=\"fd709f6\"><div class=\"stk-row stk-inner-blocks has-text-align-center stk-block-content stk-button-group\">\n<div class=\"wp-block-stackable-button stk-block-button stk-block stk-9d32db1\" data-block-id=\"9d32db1\"><style>.stk-9d32db1 .stk-button{background:var(--stk-global-color-28486, #c44861) !important;}<\/style><a class=\"stk-link stk-button stk--hover-effect-darken\" href=\"tel:07 70 50 40 04\" target=\"_blank\" rel=\"noreferrer noopener\"><span class=\"stk-button__inner-text\">07 70 50 40 04<\/span><\/a><\/div>\n<\/div><\/div>\n\n\n\n<div class=\"wp-block-stackable-button-group stk-block-button-group stk-block stk-013d283\" data-block-id=\"013d283\"><div class=\"stk-row stk-inner-blocks has-text-align-center stk-block-content stk-button-group\">\n<div class=\"wp-block-stackable-button stk-block-button stk-block stk-cd9cf48\" data-block-id=\"cd9cf48\"><style>.stk-cd9cf48 .stk-button{background:var(--stk-global-color-28486, #c44861) !important;}<\/style><a class=\"stk-link stk-button stk--hover-effect-darken\" href=\"mailto:ontact@lesgitesdesophie85.com\" target=\"_blank\" rel=\"noreferrer noopener\"><span class=\"stk-button__inner-text\">contact@lesgitesdesophie85.com<\/span><\/a><\/div>\n<\/div><\/div>\n\n\n\n<div class=\"wp-block-stackable-image stk-block-image stk-block stk-70b7ae1\" data-block-id=\"70b7ae1\"><style>.stk-70b7ae1 .stk-img-wrapper{width:26% !important;height:100px !important;}.stk-70b7ae1 .stk-img-wrapper::after{background-color:#bccc8b8f !important;}<\/style><figure><span class=\"stk-img-wrapper stk-image--shape-stretch\"><img loading=\"lazy\" decoding=\"async\" class=\"stk-img wp-image-588\" src=\"https:\/\/www.lesgitesdesophie85.com\/wp-content\/uploads\/2025\/05\/Photos-BA.png\" width=\"700\" height=\"450\" alt=\"Fleur\" srcset=\"https:\/\/www.lesgitesdesophie85.com\/wp-content\/uploads\/2025\/05\/Photos-BA.png 700w, https:\/\/www.lesgitesdesophie85.com\/wp-content\/uploads\/2025\/05\/Photos-BA-300x193.png 300w, https:\/\/www.lesgitesdesophie85.com\/wp-content\/uploads\/2025\/05\/Photos-BA-500x321.png 500w\" sizes=\"auto, (max-width: 700px) 100vw, 700px\" \/><\/span><\/figure><\/div>\n<\/div><\/div><\/div>\n\n\n\n<div class=\"wp-block-stackable-column stk-block-column stk-column stk-block stk-31afb64\" data-v=\"4\" data-block-id=\"31afb64\"><div class=\"stk-column-wrapper stk-block-column__content stk-container stk-31afb64-container stk--no-background stk--no-padding\"><div class=\"stk-block-content stk-inner-blocks stk-31afb64-inner-blocks\">\n<div class=\"wp-block-stackable-columns stk-block-columns stk-block stk-40f7435\" data-block-id=\"40f7435\"><style>.stk-40f7435 {box-shadow:0 5px 30px -10px #123f524d !important;}<\/style><div class=\"stk-row stk-inner-blocks stk-block-content stk-content-align stk-40f7435-column\">\n<div class=\"wp-block-stackable-column stk-block-column stk-column stk-block stk-42b55f5\" data-v=\"4\" data-block-id=\"42b55f5\"><div class=\"stk-column-wrapper stk-block-column__content stk-container stk-42b55f5-container stk--no-background stk--no-padding\"><div class=\"stk-block-content stk-inner-blocks stk-42b55f5-inner-blocks\">\n<iframe src=\"https:\/\/www.google.com\/maps\/embed?pb=!1m18!1m12!1m3!1d2725.6883888297884!2d-1.9865882237306691!3d46.908846435900195!2m3!1f0!2f0!3f0!3m2!1i1024!2i768!4f13.1!3m3!1m2!1s0x4805071412d675ef%3A0x5acc28f99f8e71e3!2sles%20gites%20de%20sophie!5e0!3m2!1sfr!2sfr!4v1749196877670!5m2!1sfr!2sfr\" width=\"100%\" height=\"450\" style=\"border:0;\" allowfullscreen=\"\" loading=\"lazy\" referrerpolicy=\"no-referrer-when-downgrade\"><\/iframe>\n<\/div><\/div><\/div>\n<\/div><\/div>\n<\/div><\/div><\/div>\n<\/div><\/div>\n\n\n\n<h2 class=\"wp-block-heading has-text-align-center\" data-block-type=\"core\">Contact our team!<\/h2>\n\n\n\n<div class=\"wp-block-stackable-columns stk-block-columns stk-block stk-e627680\" data-block-id=\"e627680\"><style>@media screen and (max-width: 767px){.stk-e627680 {margin-right:15px !important;margin-left:15px !important;}}<\/style><div class=\"stk-row stk-inner-blocks stk-block-content stk-content-align stk-e627680-column\">\n<div class=\"wp-block-stackable-column stk-block-column stk-column stk-block stk-5be107a\" data-v=\"4\" data-block-id=\"5be107a\"><div class=\"stk-column-wrapper stk-block-column__content stk-container stk-5be107a-container stk--no-background stk--no-padding\"><div class=\"stk-block-content stk-inner-blocks stk-5be107a-inner-blocks\"><p data-block-type=\"core\"><div class='fluentform ff-default fluentform_wrapper_3 ffs_default_wrap'><form data-form_id=\"3\" id=\"fluentform_3\" class=\"frm-fluent-form fluent_form_3 ff-el-form-top ff_form_instance_3_1 ff-form-loading ffs_default\" data-form_instance=\"ff_form_instance_3_1\" method=\"POST\" action=\"\" ><fieldset  style=\"border: none!important;margin: 0!important;padding: 0!important;background-color: transparent!important;box-shadow: none!important;outline: none!important; min-inline-size: 100%;\">\n                    <legend class=\"ff_screen_reader_title\" style=\"display: block; margin: 0!important;padding: 0!important;height: 0!important;text-indent: -999999px;width: 0!important;overflow:hidden;\">Contact form<\/legend><input type='hidden' name='__fluent_form_embded_post_id' value='787' \/><input type=\"hidden\" id=\"_fluentform_3_fluentformnonce\" name=\"_fluentform_3_fluentformnonce\" value=\"5898797679\" \/><input type=\"hidden\" name=\"_wp_http_referer\" value=\"\/en\/wp-json\/wp\/v2\/pages\/787\" \/><div data-name=\"ff_cn_id_1\"  class='ff-t-container ff-column-container ff_columns_total_2'><div class='ff-t-cell ff-t-column-1' style='flex-basis: 50%;'><div class='ff-el-group'><div class=\"ff-el-input--label ff-el-is-required asterisk-right\"><label for='ff_3_nom' id='label_ff_3_nom' aria-label=\"Name\">Name<\/label><\/div><div class='ff-el-input--content'><input type=\"text\" name=\"nom\" class=\"ff-el-form-control\" data-name=\"nom\" id=\"ff_3_nom\"  aria-invalid=\"false\" aria-required=\"true\"><\/div><\/div><\/div><div class='ff-t-cell ff-t-column-2' style='flex-basis: 50%;'><div class='ff-el-group'><div class=\"ff-el-input--label asterisk-right\"><label for='ff_3_prenom' id='label_ff_3_prenom' aria-label=\"First name\">First name<\/label><\/div><div class='ff-el-input--content'><input type=\"text\" name=\"prenom\" class=\"ff-el-form-control\" data-name=\"prenom\" id=\"ff_3_prenom\"  aria-invalid=\"false\" aria-required=\"false\"><\/div><\/div><\/div><\/div><div data-name=\"ff_cn_id_2\"  class='ff-t-container ff-column-container ff_columns_total_2'><div class='ff-t-cell ff-t-column-1' style='flex-basis: 50%;'><div class='ff-el-group'><div class=\"ff-el-input--label ff-el-is-required asterisk-right\"><label for='ff_3_email' id='label_ff_3_email' aria-label=\"E-mail\">E-mail<\/label><\/div><div class='ff-el-input--content'><input type=\"email\" name=\"email\" id=\"ff_3_email\" class=\"ff-el-form-control\" data-name=\"email\"  aria-invalid=\"false\" aria-required=\"true\"><\/div><\/div><\/div><div class='ff-t-cell ff-t-column-2' style='flex-basis: 50%;'><div class='ff-el-group'><div class=\"ff-el-input--label asterisk-right\"><label for='ff_3_phone' id='label_ff_3_phone' aria-label=\"Telephone\">Telephone<\/label><\/div><div class='ff-el-input--content'><input type=\"text\" name=\"phone\" class=\"ff-el-form-control\" data-name=\"phone\" id=\"ff_3_phone\"  aria-invalid=\"false\" aria-required=\"false\"><\/div><\/div><\/div><\/div><div data-name=\"ff_cn_id_3\"  class='ff-t-container ff-column-container ff_columns_total_1'><div class='ff-t-cell ff-t-column-1' style='flex-basis: 100%;'><div class='ff-el-group'><div class=\"ff-el-input--label asterisk-right\"><label for='ff_3_adresse' id='label_ff_3_adresse' aria-label=\"Address\">Address<\/label><\/div><div class='ff-el-input--content'><input type=\"text\" name=\"adresse\" class=\"ff-el-form-control\" data-name=\"adresse\" id=\"ff_3_adresse\"  aria-invalid=\"false\" aria-required=\"false\"><\/div><\/div><\/div><\/div><div data-name=\"ff_cn_id_4\"  class='ff-t-container ff-column-container ff_columns_total_2'><div class='ff-t-cell ff-t-column-1' style='flex-basis: 50%;'><div class='ff-el-group'><div class=\"ff-el-input--label asterisk-right\"><label for='ff_3_code_postal' id='label_ff_3_code_postal' aria-label=\"Postcode\">Postcode<\/label><\/div><div class='ff-el-input--content'><input type=\"text\" name=\"code_postal\" class=\"ff-el-form-control\" data-name=\"code_postal\" id=\"ff_3_code_postal\"  aria-invalid=\"false\" aria-required=\"false\"><\/div><\/div><\/div><div class='ff-t-cell ff-t-column-2' style='flex-basis: 50%;'><div class='ff-el-group'><div class=\"ff-el-input--label asterisk-right\"><label for='ff_3_ville' id='label_ff_3_ville' aria-label=\"City\">City<\/label><\/div><div class='ff-el-input--content'><input type=\"text\" name=\"ville\" class=\"ff-el-form-control\" data-name=\"ville\" id=\"ff_3_ville\"  aria-invalid=\"false\" aria-required=\"false\"><\/div><\/div><\/div><\/div><div data-name=\"ff_cn_id_5\"  class='ff-t-container ff-column-container ff_columns_total_1'><div class='ff-t-cell ff-t-column-1' style='flex-basis: 100%;'><div class='ff-el-group'><div class=\"ff-el-input--label ff-el-is-required asterisk-right\"><label for='ff_3_message' id='label_ff_3_message' aria-label=\"Message\">Message<\/label><\/div><div class='ff-el-input--content'><textarea aria-required=\"true\" aria-labelledby=\"label_ff_3_message\" name=\"message\" id=\"ff_3_message\" class=\"ff-el-form-control\" rows=\"3\" cols=\"2\" data-name=\"message\" ><\/textarea><\/div><\/div><\/div><\/div><div class='ff-el-group'><div class=\"ff-el-input--label ff-el-is-required asterisk-right\"><label   aria-label=\"By submitting this form, I agree that the information collected may be used for the purposes of the information request and the commercial relationship that may result from it.\">By submitting this form, I agree that the information collected may be used for the purposes of the information request and the commercial relationship that may result from it.<\/label><\/div><div class='ff-el-input--content'><div class='ff-el-form-check ff-el-form-check-'><label class='ff-el-form-check-label' for='checkbox_b0b6b7baa2eae83c11ff9418df091f0b'><input  type=\"checkbox\" name=\"checkbox[]\" data-name=\"checkbox\" class=\"ff-el-form-check-input ff-el-form-check-checkbox\" value=\"J&#039;accepte\"  id='checkbox_b0b6b7baa2eae83c11ff9418df091f0b' aria-label='I accept' aria-invalid='false' aria-required=\"true\"> <span>I accept<\/span><\/label><\/div><\/div><\/div><div class='ff-el-group' ><div class='ff-el-input--content'><div data-fluent_id='3' name='g-recaptcha-response'><div\n\t\tdata-sitekey='6LeWk-IZAAAAACZleE0y_dejgTstBRgdDyl7Eijl'\n\t\tid='fluentform-recaptcha-3-1'\n\t\tclass='ff-el-recaptcha g-recaptcha'\n\t\tdata-callback='fluentFormrecaptchaSuccessCallback'><\/div><\/div><\/div><\/div><div class='ff-el-group ff-text-center ff_submit_btn_wrapper'><button type=\"submit\" class=\"ff-btn ff-btn-submit ff-btn-md ff_btn_style\"  aria-label=\"Send\">Send<\/button><\/div><\/fieldset><input type=\"hidden\" name=\"trp-form-language\" value=\"en\"\/><\/form><div id='fluentform_3_errors' class='ff-errors-in-stack ff_form_instance_3_1 ff-form-loading_errors ff_form_instance_3_1_errors'><\/div><\/div>            <script type=\"text\/javascript\">\n                window.fluent_form_ff_form_instance_3_1 = {\"id\":\"3\",\"ajaxUrl\":\"https:\\\/\\\/www.lesgitesdesophie85.com\\\/wp-admin\\\/admin-ajax.php\",\"settings\":{\"layout\":{\"labelPlacement\":\"top\",\"helpMessagePlacement\":\"with_label\",\"errorMessagePlacement\":\"inline\",\"cssClassName\":\"\",\"asteriskPlacement\":\"asterisk-right\"},\"restrictions\":{\"denyEmptySubmission\":{\"enabled\":false}}},\"form_instance\":\"ff_form_instance_3_1\",\"form_id_selector\":\"fluentform_3\",\"rules\":{\"nom\":{\"required\":{\"value\":true,\"message\":\"This field is required\",\"global_message\":\"Ce champ est obligatoire\",\"global\":true}},\"prenom\":{\"required\":{\"value\":false,\"message\":\"This field is required\",\"global_message\":\"Ce champ est obligatoire\",\"global\":true}},\"email\":{\"required\":{\"value\":true,\"message\":\"This field is required\",\"global_message\":\"Ce champ est obligatoire\",\"global\":true},\"email\":{\"value\":true,\"message\":\"This field must contain a valid email\",\"global_message\":\"Ce champ doit contenir un e-mail valide\",\"global\":true}},\"phone\":{\"required\":{\"value\":false,\"message\":\"This field is required\",\"global_message\":\"Ce champ est obligatoire\",\"global\":true}},\"adresse\":{\"required\":{\"value\":false,\"message\":\"This field is required\",\"global_message\":\"Ce champ est obligatoire\",\"global\":true}},\"code_postal\":{\"required\":{\"value\":false,\"message\":\"This field is required\",\"global_message\":\"Ce champ est obligatoire\",\"global\":true}},\"ville\":{\"required\":{\"value\":false,\"message\":\"This field is required\",\"global_message\":\"Ce champ est obligatoire\",\"global\":true}},\"message\":{\"required\":{\"value\":true,\"message\":\"This field is required\",\"global_message\":\"Ce champ est obligatoire\",\"global\":true}},\"checkbox\":{\"required\":{\"value\":true,\"message\":\"This field is required\",\"global_message\":\"Ce champ est obligatoire\",\"global\":true}},\"g-recaptcha-response\":[]},\"debounce_time\":300};\n                            <\/script>\n            <\/p>\n<\/div><\/div><\/div>\n<\/div><\/div>\n\n\n\n<p data-block-type=\"core\"><\/p>","protected":false},"excerpt":{"rendered":"<p>765, route de Chateauneuf85230 Saint-Gervais \u2013 Vend\u00e9e 07 70 50 40 04 contact@lesgitesdesophie85.com Contactez notre \u00e9quipe !<\/p>","protected":false},"author":1,"featured_media":722,"parent":0,"menu_order":0,"comment_status":"closed","ping_status":"closed","template":"","meta":{"_acf_changed":false,"_seopress_robots_primary_cat":"","_seopress_titles_title":"Contactez les G\u00eetes de Sophie","_seopress_titles_desc":"D\u00e9couvrez comment acc\u00e9der aux g\u00eetes et comment contacter les propri\u00e9taires avant votre s\u00e9jour","_seopress_robots_index":"","_vp_format_video_url":"","_vp_image_focal_point":[],"footnotes":""},"class_list":["post-787","page","type-page","status-publish","has-post-thumbnail","hentry"],"acf":[],"_links":{"self":[{"href":"https:\/\/www.lesgitesdesophie85.com\/en\/wp-json\/wp\/v2\/pages\/787","targetHints":{"allow":["GET"]}}],"collection":[{"href":"https:\/\/www.lesgitesdesophie85.com\/en\/wp-json\/wp\/v2\/pages"}],"about":[{"href":"https:\/\/www.lesgitesdesophie85.com\/en\/wp-json\/wp\/v2\/types\/page"}],"author":[{"embeddable":true,"href":"https:\/\/www.lesgitesdesophie85.com\/en\/wp-json\/wp\/v2\/users\/1"}],"replies":[{"embeddable":true,"href":"https:\/\/www.lesgitesdesophie85.com\/en\/wp-json\/wp\/v2\/comments?post=787"}],"version-history":[{"count":11,"href":"https:\/\/www.lesgitesdesophie85.com\/en\/wp-json\/wp\/v2\/pages\/787\/revisions"}],"predecessor-version":[{"id":1032,"href":"https:\/\/www.lesgitesdesophie85.com\/en\/wp-json\/wp\/v2\/pages\/787\/revisions\/1032"}],"wp:featuredmedia":[{"embeddable":true,"href":"https:\/\/www.lesgitesdesophie85.com\/en\/wp-json\/wp\/v2\/media\/722"}],"wp:attachment":[{"href":"https:\/\/www.lesgitesdesophie85.com\/en\/wp-json\/wp\/v2\/media?parent=787"}],"curies":[{"name":"wp","href":"https:\/\/api.w.org\/{rel}","templated":true}]}}